{"id":2173,"date":"2020-04-14T20:36:44","date_gmt":"2020-04-14T19:36:44","guid":{"rendered":"https:\/\/systhat.com\/?page_id=2173"},"modified":"2020-05-01T22:20:57","modified_gmt":"2020-05-01T20:20:57","slug":"transformation-und-change-management","status":"publish","type":"page","link":"https:\/\/systhat.com\/wordpress\/loesungen\/transformation-und-change-management\/","title":{"rendered":"Transformation und Change Management"},"content":{"rendered":"\t\t<div data-elementor-type=\"wp-page\" data-elementor-id=\"2173\" class=\"elementor elementor-2173\" data-elementor-post-type=\"page\">\n\t\t\t\t\t\t<section class=\"elementor-section elementor-top-section elementor-element elementor-element-78305404 elementor-section-content-middle elementor-section-boxed elementor-section-height-default elementor-section-height-default\" data-id=\"78305404\" data-element_type=\"section\" data-settings=\"{&quot;background_background&quot;:&quot;classic&quot;}\">\n\t\t\t\t\t\t\t<div class=\"elementor-background-overlay\"><\/div>\n\t\t\t\t\t\t\t<div class=\"elementor-container elementor-column-gap-wider\">\n\t\t\t\t\t<div class=\"elementor-column elementor-col-100 elementor-top-column elementor-element elementor-element-780f0def\" data-id=\"780f0def\" data-element_type=\"column\">\n\t\t\t<div class=\"elementor-widget-wrap elementor-element-populated\">\n\t\t\t\t\t\t<div class=\"elementor-element elementor-element-59a6de4f elementor-widget elementor-widget-heading\" data-id=\"59a6de4f\" data-element_type=\"widget\" data-widget_type=\"heading.default\">\n\t\t\t\t<div class=\"elementor-widget-container\">\n\t\t\t\t\t<h1 class=\"elementor-heading-title elementor-size-default\">Transformation &amp; Change Management<\/h1>\t\t\t\t<\/div>\n\t\t\t\t<\/div>\n\t\t\t\t<div class=\"elementor-element elementor-element-7388e7ed elementor-widget elementor-widget-text-editor\" data-id=\"7388e7ed\" data-element_type=\"widget\" data-widget_type=\"text-editor.default\">\n\t\t\t\t<div class=\"elementor-widget-container\">\n\t\t\t\t\t\t\t\t\t<p>Verbesserung oder Ver\u00e4nderung &#8211; der feine gro\u00dfe Unterschied!<br \/>Egal wo man hinsieht\/hinh\u00f6rt &#8211; es fallen immer dieselben Worte\u00a0 in gro\u00dfer Vielzahl: Krise, Corona, Pandemie, Angst, Panik, Distanzierung, Normalit\u00e4t, Shut-down, Kontrolle,\u00a0 etc.<\/p><p>Damit ist eines klar und beobachtbar: Wir haben keine kontinuierlicher Ver\u00e4nderung, wir haben eine Systemkrise, die zu einer Transformation in eine neue Ordnung f\u00fchrt.<br \/>Damit gibt es kein zur\u00fcck zur &#8222;Normatli\u00e4t&#8220; &#8211; willkommen in einer neuen Realit\u00e4t!!!<\/p><p>Je eher wir also aus dem Schock herauskommen, und unseren eingen Verstand gebrauchen sowie unsere Eigenverantwortung \u00fcbernehmen, desto eher hat diese Transformation in eine neue Ordnung auch einen Nutzen f\u00fcr uns, weil bestehendes, verfestigtes nun aufgebrochen ist, und wir die Chance haben, die neue Realit\u00e4t aktiv mitzugestalten. Change ist disruptiv, zerst\u00f6ren, mit Angst behaftet, unsicher, schmerzhaft. Aber er ist eine Chance, weil das &#8222;Alte&#8220; einfach trotz st\u00e4ndiger Verbesserung nicht mehr besser wird. Eine \u00c4nderung der Richtung &#8211; was k\u00f6nnen wir bei Ihnen ausrichten?<\/p>\t\t\t\t\t\t\t\t<\/div>\n\t\t\t\t<\/div>\n\t\t\t\t\t<\/div>\n\t\t<\/div>\n\t\t\t\t\t<\/div>\n\t\t<\/section>\n\t\t\t\t<section class=\"elementor-section elementor-top-section elementor-element elementor-element-6a6c1708 elementor-section-content-top elementor-section-boxed elementor-section-height-default elementor-section-height-default\" data-id=\"6a6c1708\" data-element_type=\"section\" data-settings=\"{&quot;background_background&quot;:&quot;classic&quot;}\">\n\t\t\t\t\t\t\t<div class=\"elementor-background-overlay\"><\/div>\n\t\t\t\t\t\t\t<div class=\"elementor-container elementor-column-gap-wider\">\n\t\t\t\t\t<div class=\"elementor-column elementor-col-100 elementor-top-column elementor-element elementor-element-628ff2aa\" data-id=\"628ff2aa\" data-element_type=\"column\">\n\t\t\t<div class=\"elementor-widget-wrap elementor-element-populated\">\n\t\t\t\t\t\t<div class=\"elementor-element elementor-element-6b70ce1 elementor-widget elementor-widget-heading\" data-id=\"6b70ce1\" data-element_type=\"widget\" data-widget_type=\"heading.default\">\n\t\t\t\t<div class=\"elementor-widget-container\">\n\t\t\t\t\t<h2 class=\"elementor-heading-title elementor-size-default\">Unser Angebot...<\/h2>\t\t\t\t<\/div>\n\t\t\t\t<\/div>\n\t\t\t\t<div class=\"elementor-element elementor-element-345dc0f elementor-widget elementor-widget-text-editor\" data-id=\"345dc0f\" data-element_type=\"widget\" data-widget_type=\"text-editor.default\">\n\t\t\t\t<div class=\"elementor-widget-container\">\n\t\t\t\t\t\t\t\t\t<p><span style=\"color: #000000;\">&#8222;Ich wei\u00df zwar nicht, ob es besser wird, wenn es anders wird. Aber ich wei\u00df, dass es anders werden muss, wenn es besser werden soll!&#8220; (G.C. Lichtenberg)<\/span><\/p><p><span style=\"color: #000000;\">Nur: Wer oder was ist die Ursache, das es nicht mehr gut war im alten System, und wer wird den Systemwandel ausl\u00f6sen??? Oder sollte man nicht versuchen, doch noch das Bestehende so lange zu verbessern wie m\u00f6glich &#8211; wenn das \u00fcberhaupt m\u00f6glich ist&#8230;<\/span><\/p>\t\t\t\t\t\t\t\t<\/div>\n\t\t\t\t<\/div>\n\t\t\t\t<div class=\"elementor-element elementor-element-4739d5ac elementor-widget elementor-widget-heading\" data-id=\"4739d5ac\" data-element_type=\"widget\" data-widget_type=\"heading.default\">\n\t\t\t\t<div class=\"elementor-widget-container\">\n\t\t\t\t\t<h3 class=\"elementor-heading-title elementor-size-default\">Ausgangslage und Zielsetzung<\/h3>\t\t\t\t<\/div>\n\t\t\t\t<\/div>\n\t\t\t\t<section class=\"elementor-section elementor-inner-section elementor-element elementor-element-527a393c elementor-section-content-top elementor-section-boxed elementor-section-height-default elementor-section-height-default\" data-id=\"527a393c\" data-element_type=\"section\">\n\t\t\t\t\t\t<div class=\"elementor-container elementor-column-gap-no\">\n\t\t\t\t\t<div class=\"elementor-column elementor-col-50 elementor-inner-column elementor-element elementor-element-2274df8c\" data-id=\"2274df8c\" data-element_type=\"column\">\n\t\t\t<div class=\"elementor-widget-wrap elementor-element-populated\">\n\t\t\t\t\t\t<div class=\"elementor-element elementor-element-3eb9fc5 elementor-widget elementor-widget-text-editor\" data-id=\"3eb9fc5\" data-element_type=\"widget\" data-widget_type=\"text-editor.default\">\n\t\t\t\t<div class=\"elementor-widget-container\">\n\t\t\t\t\t\t\t\t\t<p>Organisationen haben eine wunderbare Eigenschaft: Sie organsieren sich weitgehend selbst (Autopoiesis) und haben eine sich selbst erhaltende Eigenschaft. Und sie sind daher eine Zeit lang &#8222;fehlerverzeihende&#8220;, weil man die Fehler nicht gleich bemerkt. Das wissen Mitarbeitende, das wissen auch F\u00fchrungskr\u00e4fte. Das ist gut, das hat aber auch Nachteile &#8211; vor allem in Arbeitsorganisationen. Mitarbeitende haben sich und wo m\u00f6glich auch die Organisation mit ihren Prozessen weitgehend so organisiert, damit sie damit arbeiten k\u00f6nnen und alles &#8222;soweit rund l\u00e4uft&#8220;. In vielen Organisationen gibt es mehr &#8222;work arounds&#8220; als klare Prozesse. Aber es l\u00e4uft, irgendwie. Und besser es l\u00e4uft, als es l\u00e4uft nicht. Ein bisschen verbessern geht ja immer noch. Das ist eine Zeit lang richtig. Aber auch fatal.<\/p>\t\t\t\t\t\t\t\t<\/div>\n\t\t\t\t<\/div>\n\t\t\t\t<div class=\"elementor-element elementor-element-617f5f95 elementor-widget elementor-widget-text-editor\" data-id=\"617f5f95\" data-element_type=\"widget\" data-widget_type=\"text-editor.default\">\n\t\t\t\t<div class=\"elementor-widget-container\">\n\t\t\t\t\t\t\t\t\t<p>Warum f\u00e4llt dann Organisationen &#8222;Change&#8220; oder &#8222;Transformation&#8220; so schwer, weil: &#8222;Wir arbeiten in Strukturen von gestern mit Methoden von heute an Problemen\u00a0<span style=\"font-size: 16px;\">von morgen vorwiegend mit Menschen, die die Strukturen von gestern gebaut haben und das Morgen innerhalb der Organisation nicht mehr erleben werden.&#8220;(Knut Bleicher)<\/span><span style=\"font-size: 16px;\">\u00a0<\/span><\/p><p>Organisieren bedeutet auf Dauer stellen. Wie lange ist &#8222;auf Dauer&#8220;? Kommt drauf an, aber sicher nicht bis in alle Ewigkeit. Organisation im Sinne von Struktur gibt Ordnung, Sicherheit, Best\u00e4ndigkeit, erm\u00f6glicht Funktionieren. Kontinuierliche Ver\u00e4nderungs- und Verbesserungsprozesse helfen dies in Organisationen zu sichern.<\/p><p><span style=\"font-size: 16px; font-style: normal; font-weight: 400;\">Transformation oder &#8222;Change&#8220; ist ein disruptiver Prozess, in welchem Bestehendes zerst\u00f6rt werden muss, und neu geordnet wieder zusammengestellt und in der dritten Phase als neue Realit\u00e4t wieder auf Dauer gestellt werden muss. Und das in der Regel als &#8222;Umbau bei laufendem Betrieb&#8220; in Organisationen.\u00a0<\/span><\/p>\t\t\t\t\t\t\t\t<\/div>\n\t\t\t\t<\/div>\n\t\t\t\t\t<\/div>\n\t\t<\/div>\n\t\t\t\t<div class=\"elementor-column elementor-col-50 elementor-inner-column elementor-element elementor-element-3722c3fa\" data-id=\"3722c3fa\" data-element_type=\"column\">\n\t\t\t<div class=\"elementor-widget-wrap elementor-element-populated\">\n\t\t\t\t\t\t<div class=\"elementor-element elementor-element-6a223d0f elementor-widget elementor-widget-text-editor\" data-id=\"6a223d0f\" data-element_type=\"widget\" data-widget_type=\"text-editor.default\">\n\t\t\t\t<div class=\"elementor-widget-container\">\n\t\t\t\t\t\t\t\t\t<p>Transformation verlangt eine Menge an Dingen von F\u00fchrungskr\u00e4ften, die diese wissen, k\u00f6nnen, organisieren und erfolgreich umsetzen m\u00fcssen. Denn scheitert ein Change, dann geht eine Zeit lang &#8222;gar nichts mehr&#8220;. Daher ist im Zweifel eine immerhin noch funktionierende Organisation besser als ein Scherbenhaufen. Und wer m\u00f6chte schon mit dem Hammer drauf hauen, und eine Zeit lang als Feindbild gesehen werden&#8230;bis die neue Struktur steht, getestet wurde und als neue Realit\u00e4t akzeptiert wird, und letztlich eine bessere stabile Performance bringt als die alte Struktur. Das sind nicht viele die das ausl\u00f6sen wollen.\u00a0<\/p><p>Change braucht eine Notwendigkeit, eine Not, die man abwenden will, einen Kurs den man \u00e4ndern will. Aber in welche Richtung? Die fehlt oft. Wer zeichnet das Bild der &#8222;sch\u00f6nen, neuen Zukunft&#8220;&#8230;wenn die Vision oft fehlt? Und wer &#8222;schifft die Mitarbeitendenden durch den Sturm&#8220;&#8230;wenn selbst die F\u00fchrungskr\u00e4fte \u00c4ngste, Zweifel, fehlenden Orientierung und keinen Mut haben, das oft durch sie selbst erschaffene System zu zerst\u00f6ren und wieder anders aufzubauen. Nicht mit allen alten Systembausteinen, mit neuen dazu. Wer ersetzt sich selbst gerne, wer gesteht sich sp\u00e4ter ein, dass das Neue besser ist als das &#8222;Alte&#8220;, das man aufgebaut hat und selbst so lange wie m\u00f6glich aufrecht erhalten wollte. Kaum jemand.\u00a0<\/p><p>Da man auch &#8222;das eigene System&#8220; schwer in Frage stellen kann, und als Teil des relevanten Sytems &#8211; ob F\u00fchrungs-, Schl\u00fcsselkraft oder Mitarbeitender &#8211; das System und sein Funktionieren &#8222;von au\u00dfen&#8220; nicht betrachten kann, ist es immer das bessere Mittel der Wahl, hier Ressource von au\u00dfen zu nutzen. Im Moment klingt das immer nach Investition, aber der Nutzen einer externen Begleitung in Transformationen ist unumstritten. Wir helfen systemisch umfassend, effizient, effektiv und wirksam. Daf\u00fcr stehen wir!<\/p>\t\t\t\t\t\t\t\t<\/div>\n\t\t\t\t<\/div>\n\t\t\t\t\t<\/div>\n\t\t<\/div>\n\t\t\t\t\t<\/div>\n\t\t<\/section>\n\t\t\t\t\t<\/div>\n\t\t<\/div>\n\t\t\t\t\t<\/div>\n\t\t<\/section>\n\t\t\t\t<section class=\"elementor-section elementor-top-section elementor-element elementor-element-1282f76d elementor-section-content-top elementor-section-boxed elementor-section-height-default elementor-section-height-default\" data-id=\"1282f76d\" data-element_type=\"section\" data-settings=\"{&quot;background_background&quot;:&quot;classic&quot;}\">\n\t\t\t\t\t\t\t<div class=\"elementor-background-overlay\"><\/div>\n\t\t\t\t\t\t\t<div class=\"elementor-container elementor-column-gap-wider\">\n\t\t\t\t\t<div class=\"elementor-column elementor-col-100 elementor-top-column elementor-element elementor-element-683c5872\" data-id=\"683c5872\" data-element_type=\"column\">\n\t\t\t<div class=\"elementor-widget-wrap elementor-element-populated\">\n\t\t\t\t\t\t<div class=\"elementor-element elementor-element-23512fe1 elementor-widget elementor-widget-heading\" data-id=\"23512fe1\" data-element_type=\"widget\" data-widget_type=\"heading.default\">\n\t\t\t\t<div class=\"elementor-widget-container\">\n\t\t\t\t\t<h2 class=\"elementor-heading-title elementor-size-default\">Ihr weg zur Ver\u00e4nderung<\/h2>\t\t\t\t<\/div>\n\t\t\t\t<\/div>\n\t\t\t\t<div class=\"elementor-element elementor-element-35bae75 elementor-widget elementor-widget-text-editor\" data-id=\"35bae75\" data-element_type=\"widget\" data-widget_type=\"text-editor.default\">\n\t\t\t\t<div class=\"elementor-widget-container\">\n\t\t\t\t\t\t\t\t\t<p>Sie haben das Gef\u00fchl, dass sich einiges in Ihrer Organisation verbessern oder vielleicht radikal ver\u00e4ndern muss? Bitte kontaktieren Sie uns!<br \/>Wir analysieren ihre Orgsanisation als System ganzheitlich, aber auch ihre relevante Umwelt. Vielleicht l\u00e4uft bei Ihnen alles rund, aber die Interaktion mit Kunden, Lieferanten, Online-Systemen, Eigent\u00fcmern, etc. nicht? Lassen Sie uns einen Blick auf Ihr System werfen &#8211; ver\u00e4ndern wir gemeinsam die Blickwinkel.<\/p>\t\t\t\t\t\t\t\t<\/div>\n\t\t\t\t<\/div>\n\t\t\t\t<section class=\"elementor-section elementor-inner-section elementor-element elementor-element-252a53a5 elementor-section-content-top elementor-section-boxed elementor-section-height-default elementor-section-height-default\" data-id=\"252a53a5\" data-element_type=\"section\">\n\t\t\t\t\t\t<div class=\"elementor-container elementor-column-gap-no\">\n\t\t\t\t\t<div class=\"elementor-column elementor-col-33 elementor-inner-column elementor-element elementor-element-2ffb04af\" data-id=\"2ffb04af\" data-element_type=\"column\">\n\t\t\t<div class=\"elementor-widget-wrap elementor-element-populated\">\n\t\t\t\t\t\t<div class=\"elementor-element elementor-element-24b2ecf4 elementor-widget elementor-widget-heading\" data-id=\"24b2ecf4\" data-element_type=\"widget\" data-widget_type=\"heading.default\">\n\t\t\t\t<div class=\"elementor-widget-container\">\n\t\t\t\t\t<h5 class=\"elementor-heading-title elementor-size-default\">Kontaktaufnahme<\/h5>\t\t\t\t<\/div>\n\t\t\t\t<\/div>\n\t\t\t\t<div class=\"elementor-element elementor-element-372d91ed elementor-widget elementor-widget-text-editor\" data-id=\"372d91ed\" data-element_type=\"widget\" data-widget_type=\"text-editor.default\">\n\t\t\t\t<div class=\"elementor-widget-container\">\n\t\t\t\t\t\t\t\t\t<p>Bitte nehmen Sie mit uns Kontakt auf, damit wir Sie kennen lernen und ihr Problem\/ihre Herausforderung verstehen lernen k\u00f6nnen. Aber vor allem auch dir Ursachen, die zur NOTwendigkeit gef\u00fchrt haben.<\/p>\t\t\t\t\t\t\t\t<\/div>\n\t\t\t\t<\/div>\n\t\t\t\t\t<\/div>\n\t\t<\/div>\n\t\t\t\t<div class=\"elementor-column elementor-col-33 elementor-inner-column elementor-element elementor-element-6735858b\" data-id=\"6735858b\" data-element_type=\"column\">\n\t\t\t<div class=\"elementor-widget-wrap elementor-element-populated\">\n\t\t\t\t\t\t<div class=\"elementor-element elementor-element-45e5c49f elementor-widget elementor-widget-heading\" data-id=\"45e5c49f\" data-element_type=\"widget\" data-widget_type=\"heading.default\">\n\t\t\t\t<div class=\"elementor-widget-container\">\n\t\t\t\t\t<h5 class=\"elementor-heading-title elementor-size-default\">Diagnose &amp; Design<\/h5>\t\t\t\t<\/div>\n\t\t\t\t<\/div>\n\t\t\t\t<div class=\"elementor-element elementor-element-12bf7f5c elementor-widget elementor-widget-text-editor\" data-id=\"12bf7f5c\" data-element_type=\"widget\" data-widget_type=\"text-editor.default\">\n\t\t\t\t<div class=\"elementor-widget-container\">\n\t\t\t\t\t\t\t\t\t<p>In Phase 1 versuchen wir mittels Systemdiagnose herauszunfinden, was verbessert oder ver\u00e4ndert werden muss, nachdem die Systemgrenzen, Parameter, Einflussgr\u00f6\u00dfen und vor allem die Ziele gekl\u00e4rt sind.<\/p>\t\t\t\t\t\t\t\t<\/div>\n\t\t\t\t<\/div>\n\t\t\t\t\t<\/div>\n\t\t<\/div>\n\t\t\t\t<div class=\"elementor-column elementor-col-33 elementor-inner-column elementor-element elementor-element-3d0952c9\" data-id=\"3d0952c9\" data-element_type=\"column\">\n\t\t\t<div class=\"elementor-widget-wrap elementor-element-populated\">\n\t\t\t\t\t\t<div class=\"elementor-element elementor-element-71210ae0 elementor-widget elementor-widget-heading\" data-id=\"71210ae0\" data-element_type=\"widget\" data-widget_type=\"heading.default\">\n\t\t\t\t<div class=\"elementor-widget-container\">\n\t\t\t\t\t<h5 class=\"elementor-heading-title elementor-size-default\">Transformation<\/h5>\t\t\t\t<\/div>\n\t\t\t\t<\/div>\n\t\t\t\t<div class=\"elementor-element elementor-element-3730a98d elementor-widget elementor-widget-text-editor\" data-id=\"3730a98d\" data-element_type=\"widget\" data-widget_type=\"text-editor.default\">\n\t\t\t\t<div class=\"elementor-widget-container\">\n\t\t\t\t\t\t\t\t\t<p>Wir stellen uns der Gesamtverantwortung &#8211; wir begleiten Sie selbstverst\u00e4ndlich durch die gesamte Transformation, bis die neue Realit\u00e4t ihre neue Gewohnheit wird, wenn Sie das w\u00fcnschen!<\/p>\t\t\t\t\t\t\t\t<\/div>\n\t\t\t\t<\/div>\n\t\t\t\t\t<\/div>\n\t\t<\/div>\n\t\t\t\t\t<\/div>\n\t\t<\/section>\n\t\t\t\t<section class=\"elementor-section elementor-inner-section elementor-element elementor-element-9ebdfd4 elementor-section-boxed elementor-section-height-default elementor-section-height-default\" data-id=\"9ebdfd4\" data-element_type=\"section\">\n\t\t\t\t\t\t<div class=\"elementor-container elementor-column-gap-default\">\n\t\t\t\t\t<div class=\"elementor-column elementor-col-50 elementor-inner-column elementor-element elementor-element-1a74edd\" data-id=\"1a74edd\" data-element_type=\"column\">\n\t\t\t<div class=\"elementor-widget-wrap elementor-element-populated\">\n\t\t\t\t\t\t<div class=\"elementor-element elementor-element-a192ca0 elementor-align-right elementor-widget elementor-widget-button\" data-id=\"a192ca0\" data-element_type=\"widget\" data-widget_type=\"button.default\">\n\t\t\t\t<div class=\"elementor-widget-container\">\n\t\t\t\t\t\t\t\t\t<div class=\"elementor-button-wrapper\">\n\t\t\t\t\t<a class=\"elementor-button elementor-button-link elementor-size-sm\" href=\"https:\/\/systhat.com\/?page_id=1633\">\n\t\t\t\t\t\t<span class=\"elementor-button-content-wrapper\">\n\t\t\t\t\t\t\t\t\t<span class=\"elementor-button-text\">Kontakt<\/span>\n\t\t\t\t\t<\/span>\n\t\t\t\t\t<\/a>\n\t\t\t\t<\/div>\n\t\t\t\t\t\t\t\t<\/div>\n\t\t\t\t<\/div>\n\t\t\t\t\t<\/div>\n\t\t<\/div>\n\t\t\t\t<div class=\"elementor-column elementor-col-50 elementor-inner-column elementor-element elementor-element-021e910\" data-id=\"021e910\" data-element_type=\"column\">\n\t\t\t<div class=\"elementor-widget-wrap elementor-element-populated\">\n\t\t\t\t\t\t<div class=\"elementor-element elementor-element-a2fb877 elementor-widget elementor-widget-button\" data-id=\"a2fb877\" data-element_type=\"widget\" data-widget_type=\"button.default\">\n\t\t\t\t<div class=\"elementor-widget-container\">\n\t\t\t\t\t\t\t\t\t<div class=\"elementor-button-wrapper\">\n\t\t\t\t\t<a class=\"elementor-button elementor-button-link elementor-size-sm\" href=\"\/shop\">\n\t\t\t\t\t\t<span class=\"elementor-button-content-wrapper\">\n\t\t\t\t\t\t\t\t\t<span class=\"elementor-button-text\">Buchen<\/span>\n\t\t\t\t\t<\/span>\n\t\t\t\t\t<\/a>\n\t\t\t\t<\/div>\n\t\t\t\t\t\t\t\t<\/div>\n\t\t\t\t<\/div>\n\t\t\t\t\t<\/div>\n\t\t<\/div>\n\t\t\t\t\t<\/div>\n\t\t<\/section>\n\t\t\t\t\t<\/div>\n\t\t<\/div>\n\t\t\t\t\t<\/div>\n\t\t<\/section>\n\t\t\t\t<\/div>\n\t\t","protected":false},"excerpt":{"rendered":"<p>Transformation &amp; Change Management Verbesserung oder Ver\u00e4nderung &#8211; der feine gro\u00dfe Unterschied!Egal wo man hinsieht\/hinh\u00f6rt &#8211; es fallen immer dieselben Worte\u00a0 in gro\u00dfer Vielzahl: Krise, Corona, Pandemie, Angst, Panik, Distanzierung, Normalit\u00e4t, Shut-down, Kontrolle,\u00a0 etc. Damit ist eines klar und beobachtbar: Wir haben keine kontinuierlicher Ver\u00e4nderung, wir haben eine Systemkrise, die zu einer Transformation in eine [&hellip;]<\/p>\n","protected":false},"author":2,"featured_media":0,"parent":8,"menu_order":0,"comment_status":"closed","ping_status":"closed","template":"","meta":{"site-sidebar-layout":"no-sidebar","site-content-layout":"page-builder","ast-site-content-layout":"default","site-content-style":"default","site-sidebar-style":"default","ast-global-header-display":"","ast-banner-title-visibility":"","ast-main-header-display":"","ast-hfb-above-header-display":"","ast-hfb-below-header-display":"","ast-hfb-mobile-header-display":"","site-post-title":"disabled","ast-breadcrumbs-content":"","ast-featured-img":"disabled","footer-sml-layout":"","theme-transparent-header-meta":"default","adv-header-id-meta":"","stick-header-meta":"","header-above-stick-meta":"","header-main-stick-meta":"","header-below-stick-meta":"","astra-migrate-meta-layouts":"default","ast-page-background-enabled":"default","ast-page-background-meta":{"desktop":{"background-color":"","background-image":"","background-repeat":"repeat","background-position":"center center","background-size":"auto","background-attachment":"scroll","background-type":"","background-media":"","overlay-type":"","overlay-color":"","overlay-opacity":"","overlay-gradient":""},"tablet":{"background-color":"","background-image":"","background-repeat":"repeat","background-position":"center center","background-size":"auto","background-attachment":"scroll","background-type":"","background-media":"","overlay-type":"","overlay-color":"","overlay-opacity":"","overlay-gradient":""},"mobile":{"background-color":"","background-image":"","background-repeat":"repeat","background-position":"center center","background-size":"auto","background-attachment":"scroll","background-type":"","background-media":"","overlay-type":"","overlay-color":"","overlay-opacity":"","overlay-gradient":""}},"ast-content-background-meta":{"desktop":{"background-color":"var(--ast-global-color-5)","background-image":"","background-repeat":"repeat","background-position":"center center","background-size":"auto","background-attachment":"scroll","background-type":"","background-media":"","overlay-type":"","overlay-color":"","overlay-opacity":"","overlay-gradient":""},"tablet":{"background-color":"var(--ast-global-color-5)","background-image":"","background-repeat":"repeat","background-position":"center center","background-size":"auto","background-attachment":"scroll","background-type":"","background-media":"","overlay-type":"","overlay-color":"","overlay-opacity":"","overlay-gradient":""},"mobile":{"background-color":"var(--ast-global-color-5)","background-image":"","background-repeat":"repeat","background-position":"center center","background-size":"auto","background-attachment":"scroll","background-type":"","background-media":"","overlay-type":"","overlay-color":"","overlay-opacity":"","overlay-gradient":""}},"footnotes":""},"class_list":["post-2173","page","type-page","status-publish","hentry"],"_links":{"self":[{"href":"https:\/\/systhat.com\/wordpress\/wp-json\/wp\/v2\/pages\/2173","targetHints":{"allow":["GET"]}}],"collection":[{"href":"https:\/\/systhat.com\/wordpress\/wp-json\/wp\/v2\/pages"}],"about":[{"href":"https:\/\/systhat.com\/wordpress\/wp-json\/wp\/v2\/types\/page"}],"author":[{"embeddable":true,"href":"https:\/\/systhat.com\/wordpress\/wp-json\/wp\/v2\/users\/2"}],"replies":[{"embeddable":true,"href":"https:\/\/systhat.com\/wordpress\/wp-json\/wp\/v2\/comments?post=2173"}],"version-history":[{"count":0,"href":"https:\/\/systhat.com\/wordpress\/wp-json\/wp\/v2\/pages\/2173\/revisions"}],"up":[{"embeddable":true,"href":"https:\/\/systhat.com\/wordpress\/wp-json\/wp\/v2\/pages\/8"}],"wp:attachment":[{"href":"https:\/\/systhat.com\/wordpress\/wp-json\/wp\/v2\/media?parent=2173"}],"curies":[{"name":"wp","href":"https:\/\/api.w.org\/{rel}","templated":true}]}}